{"id":2,"date":"2022-03-07T11:56:18","date_gmt":"2022-03-07T11:56:18","guid":{"rendered":"https:\/\/hostalfelipe2.kwebdeveloper.com\/?page_id=2"},"modified":"2025-12-01T10:56:52","modified_gmt":"2025-12-01T10:56:52","slug":"sample-page","status":"publish","type":"page","link":"https:\/\/www.hostalfelipe2.com\/fr\/","title":{"rendered":"Principale"},"content":{"rendered":"<div data-elementor-type=\"wp-page\" data-elementor-id=\"2\" class=\"elementor elementor-2\" data-elementor-post-type=\"page\">\n\t\t\t\t<div class=\"elementor-element elementor-element-6e6e1bb e-con-full e-flex e-con e-parent\" data-id=\"6e6e1bb\" data-element_type=\"container\">\n\t\t<div class=\"elementor-element elementor-element-6b2ad0f e-con-full e-flex e-con e-child\" data-id=\"6b2ad0f\" data-element_type=\"container\">\n\t\t\t\t<div class=\"elementor-element elementor-element-d3cb0da elementor--h-position-left elementor--v-position-middle elementor-widget elementor-widget-slides\" data-id=\"d3cb0da\" data-element_type=\"widget\" data-settings=\"{&quot;navigation&quot;:&quot;none&quot;,&quot;autoplay&quot;:&quot;yes&quot;,&quot;autoplay_speed&quot;:5000,&quot;infinite&quot;:&quot;yes&quot;,&quot;transition&quot;:&quot;slide&quot;,&quot;transition_speed&quot;:500,&quot;ekit_we_effect_on&quot;:&quot;none&quot;}\" data-widget_type=\"slides.default\">\n\t\t\t\t\t\t\t\t\t\t<div class=\"elementor-slides-wrapper elementor-main-swiper swiper\" role=\"region\" aria-roledescription=\"carousel\" aria-label=\"Slides\" dir=\"ltr\" data-animation=\"fadeInUp\">\r\n\t\t\t\t<div class=\"swiper-wrapper elementor-slides\">\r\n\t\t\t\t\t\t\t\t\t\t<div class=\"elementor-repeater-item-ddb3b8e swiper-slide\" role=\"group\" aria-roledescription=\"slide\"><div class=\"swiper-slide-bg\" role=\"img\" aria-label=\"banner\"><\/div><div class=\"swiper-slide-inner\" ><div class=\"swiper-slide-contents\"><div class=\"elementor-slide-heading\">Welcome to Felipe II Hostel in the center of Barcelona<\/div><\/div><\/div><\/div><div class=\"elementor-repeater-item-29ac594 swiper-slide\" role=\"group\" aria-roledescription=\"slide\"><div class=\"swiper-slide-bg\" role=\"img\" aria-label=\"banner2\"><\/div><div class=\"swiper-slide-inner\" ><div class=\"swiper-slide-contents\"><\/div><\/div><\/div><div class=\"elementor-repeater-item-b88dde2 swiper-slide\" role=\"group\" aria-roledescription=\"slide\"><div class=\"swiper-slide-bg\" role=\"img\" aria-label=\"banner3\"><\/div><div class=\"swiper-slide-inner\" ><div class=\"swiper-slide-contents\"><\/div><\/div><\/div>\t\t\t\t<\/div>\r\n\t\t\t\t\t\t\t\t\t\t\t\t\t\t\t\t\t\t\t\t\t<\/div>\r\n\t\t\t\t\t\t\t\t<\/div>\n\t\t\t\t<\/div>\n\t\t\t\t<\/div>\n\t\t<div class=\"elementor-element elementor-element-faa8848 e-flex e-con-boxed e-con e-parent\" data-id=\"faa8848\" data-element_type=\"container\" data-settings=\"{&quot;background_background&quot;:&quot;classic&quot;}\">\n\t\t\t\t\t<div class=\"e-con-inner\">\n\t\t<div class=\"elementor-element elementor-element-8a3b654 e-con-full e-flex e-con e-child\" data-id=\"8a3b654\" data-element_type=\"container\">\n\t\t\t\t<div class=\"elementor-element elementor-element-618f622 elementor-widget elementor-widget-shortcode\" data-id=\"618f622\" data-element_type=\"widget\" data-settings=\"{&quot;ekit_we_effect_on&quot;:&quot;none&quot;}\" data-widget_type=\"shortcode.default\">\n\t\t\t\t\t<script type=\"text\/javascript\" src=\"https:\/\/resx.octorate.com\/octobook\/resources\/widget\/js\/form.js\" data-sitekey=\"efc381f1a50478619be3a03db6484d01\"><\/script>\t\t<div class=\"elementor-shortcode\"><\/div>\n\t\t\t\t\t\t<\/div>\n\t\t\t\t<\/div>\n\t\t\t\t\t<\/div>\n\t\t\t\t<\/div>\n\t\t<div class=\"elementor-element elementor-element-f52f743 e-flex e-con-boxed e-con e-parent\" data-id=\"f52f743\" data-element_type=\"container\">\n\t\t\t\t\t<div class=\"e-con-inner\">\n\t\t<div class=\"elementor-element elementor-element-2b5bd37 e-con-full e-flex e-con e-child\" data-id=\"2b5bd37\" data-element_type=\"container\">\n\t\t\t\t<div class=\"elementor-element elementor-element-55f5671 elementor-widget elementor-widget-spacer\" data-id=\"55f5671\" data-element_type=\"widget\" data-settings=\"{&quot;ekit_we_effect_on&quot;:&quot;none&quot;}\" data-widget_type=\"spacer.default\">\n\t\t\t\t\t\t\t<div class=\"elementor-spacer\">\n\t\t\t<div class=\"elementor-spacer-inner\"><\/div>\n\t\t<\/div>\n\t\t\t\t\t\t<\/div>\n\t\t\t\t<\/div>\n\t\t\t\t\t<\/div>\n\t\t\t\t<\/div>\n\t\t<div class=\"elementor-element elementor-element-f75fcd1 e-con-full e-flex e-con e-parent\" data-id=\"f75fcd1\" data-element_type=\"container\">\n\t\t<div class=\"elementor-element elementor-element-e2ecb08 e-con-full e-flex e-con e-child\" data-id=\"e2ecb08\" data-element_type=\"container\">\n\t\t\t\t<div class=\"elementor-element elementor-element-03a9b02 elementor-absolute elementor-widget-divider--view-line elementor-widget elementor-widget-divider\" data-id=\"03a9b02\" data-element_type=\"widget\" data-settings=\"{&quot;_position&quot;:&quot;absolute&quot;,&quot;ekit_we_effect_on&quot;:&quot;none&quot;}\" data-widget_type=\"divider.default\">\n\t\t\t\t\t\t\t<div class=\"elementor-divider\">\n\t\t\t<span class=\"elementor-divider-separator\">\n\t\t\t\t\t\t<\/span>\n\t\t<\/div>\n\t\t\t\t\t\t<\/div>\n\t\t\t\t<\/div>\n\t\t\t\t<\/div>\n\t\t<div class=\"elementor-element elementor-element-60d3c90 e-flex e-con-boxed e-con e-parent\" data-id=\"60d3c90\" data-element_type=\"container\">\n\t\t\t\t\t<div class=\"e-con-inner\">\n\t\t<div class=\"elementor-element elementor-element-de8b6d7 e-con-full e-flex e-con e-child\" data-id=\"de8b6d7\" data-element_type=\"container\">\n\t\t\t\t<div class=\"elementor-element elementor-element-c47292f home-header elementor-widget__width-auto elementor-widget elementor-widget-heading\" data-id=\"c47292f\" data-element_type=\"widget\" data-settings=\"{&quot;ekit_we_effect_on&quot;:&quot;none&quot;}\" data-widget_type=\"heading.default\">\n\t\t\t\t\t<h1 class=\"elementor-heading-title elementor-size-default\">ABOUT HOSTAL FELIPE II<\/h1>\t\t\t\t<\/div>\n\t\t\t\t<\/div>\n\t\t\t\t\t<\/div>\n\t\t\t\t<\/div>\n\t\t<div class=\"elementor-element elementor-element-2da9dc6 e-flex e-con-boxed e-con e-parent\" data-id=\"2da9dc6\" data-element_type=\"container\">\n\t\t\t\t\t<div class=\"e-con-inner\">\n\t\t<div class=\"elementor-element elementor-element-0c93d9c e-con-full e-flex e-con e-child\" data-id=\"0c93d9c\" data-element_type=\"container\">\n\t\t\t\t<div class=\"elementor-element elementor-element-ee526d9 elementor-widget elementor-widget-text-editor\" data-id=\"ee526d9\" data-element_type=\"widget\" data-settings=\"{&quot;ekit_we_effect_on&quot;:&quot;none&quot;}\" data-widget_type=\"text-editor.default\">\n\t\t\t\t\t\t\t\t\t<p>Bienvenue \u00e0 l'hostal Felipe 2 situ\u00e9 au centre de Barcelone dans le beau quartier d'Eixample.<\/p><p>Nous nous trouvons pr\u00e8s du c\u00e9l\u00e8bre Passeig de Gracia et \u00e0 10 minutes de marche de la place de Catalunya et de la Sagrada Familial, mondialement connue.<\/p><p>L'hostal est tr\u00e8s pr\u00e8s de la zone historique de la ville dont le secteur est bien desservi par le m\u00e9tro et les bus. L'hostal Felipe 2 est l'endroit id\u00e9al pour votre s\u00e9jour \u00e0 Barcelone que ce soit pour les affaires ou pour le plaisir, notre \u00e9quipe vous assure un service professionnel et attentionn\u00e9, nos chambres sont belles et nos prix sont bas. Notre hostal est un b\u00e2timent du d\u00e9but du 20e si\u00e8cle moderne et \u00e9l\u00e9gant, haut de plafond, parquet en bois et ayant de grandes fen\u00eatres lumineuses donnant sur la c\u00e9l\u00e8bre avenue Diagonal.<\/p><p>Nous vous offrons une grande vari\u00e9t\u00e9 de chambre qui s'adapte \u00e0 n'importe quel budget, vous pouvez choisir une chambre pour deux personnes avec la salle de bains priv\u00e9e ou partag\u00e9e, une chambre triple ou une chambre pour une personne. Toutes nos chambres comprennent des serviettes et du linge propre.<\/p><p>Le Wi-Fi gratuit  est \u00e0 votre disposition dans les aires communes et dans toutes les chambres. Notre personnel est \u00e0 votre disposition toute la journ\u00e9e pour r\u00e9pondre \u00e0 toutes vos questions et \u00e0 toutes vos demandes de renseignements.<\/p><p>Nous ferons de notre mieux pour qu'\u00e0 l'hostal Felipe 2, vous vous sentiez comme chez vous.<\/p><p>R\u00e9servez d\u00e8s maintenant et passez un agr\u00e9able s\u00e9jour \u00e0 Barcelone<\/p>\t\t\t\t\t\t\t\t<\/div>\n\t\t<div class=\"elementor-element elementor-element-d37c906 e-con-full e-flex e-con e-child\" data-id=\"d37c906\" data-element_type=\"container\">\n\t\t<div class=\"elementor-element elementor-element-b0c04b1 e-con-full e-flex e-con e-child\" data-id=\"b0c04b1\" data-element_type=\"container\">\n\t\t\t\t<div class=\"elementor-element elementor-element-5feffc7 elementor-position-top elementor-widget elementor-widget-image-box\" data-id=\"5feffc7\" data-element_type=\"widget\" data-settings=\"{&quot;ekit_we_effect_on&quot;:&quot;none&quot;}\" data-widget_type=\"image-box.default\">\n\t\t\t\t\t<div class=\"elementor-image-box-wrapper\"><figure class=\"elementor-image-box-img\"><img decoding=\"async\" width=\"100\" height=\"101\" src=\"https:\/\/www.hostalfelipe2.com\/wp-content\/uploads\/2022\/03\/icon1.png\" class=\"elementor-animation-pulse attachment-full size-full wp-image-105\" alt=\"icon1\" \/><\/figure><div class=\"elementor-image-box-content\"><h3 class=\"elementor-image-box-title\">Great location<\/h3><\/div><\/div>\t\t\t\t<\/div>\n\t\t\t\t<\/div>\n\t\t<div class=\"elementor-element elementor-element-6ec5390 e-con-full e-flex e-con e-child\" data-id=\"6ec5390\" data-element_type=\"container\">\n\t\t\t\t<div class=\"elementor-element elementor-element-673428a elementor-position-top elementor-widget elementor-widget-image-box\" data-id=\"673428a\" data-element_type=\"widget\" data-settings=\"{&quot;ekit_we_effect_on&quot;:&quot;none&quot;}\" data-widget_type=\"image-box.default\">\n\t\t\t\t\t<div class=\"elementor-image-box-wrapper\"><figure class=\"elementor-image-box-img\"><img decoding=\"async\" width=\"100\" height=\"101\" src=\"https:\/\/www.hostalfelipe2.com\/wp-content\/uploads\/2022\/03\/icon2.png\" class=\"elementor-animation-pulse attachment-full size-full wp-image-106\" alt=\"icon2\" \/><\/figure><div class=\"elementor-image-box-content\"><h3 class=\"elementor-image-box-title\">Great staff<\/h3><\/div><\/div>\t\t\t\t<\/div>\n\t\t\t\t<\/div>\n\t\t<div class=\"elementor-element elementor-element-ad01cf4 e-con-full e-flex e-con e-child\" data-id=\"ad01cf4\" data-element_type=\"container\">\n\t\t\t\t<div class=\"elementor-element elementor-element-7042217 elementor-position-top elementor-widget elementor-widget-image-box\" data-id=\"7042217\" data-element_type=\"widget\" data-settings=\"{&quot;ekit_we_effect_on&quot;:&quot;none&quot;}\" data-widget_type=\"image-box.default\">\n\t\t\t\t\t<div class=\"elementor-image-box-wrapper\"><figure class=\"elementor-image-box-img\"><img decoding=\"async\" width=\"100\" height=\"101\" src=\"https:\/\/www.hostalfelipe2.com\/wp-content\/uploads\/2022\/03\/icon3.png\" class=\"elementor-animation-pulse attachment-full size-full wp-image-107\" alt=\"icon3\" \/><\/figure><div class=\"elementor-image-box-content\"><h3 class=\"elementor-image-box-title\">Great value<\/h3><\/div><\/div>\t\t\t\t<\/div>\n\t\t\t\t<\/div>\n\t\t\t\t<\/div>\n\t\t\t\t<\/div>\n\t\t<div class=\"elementor-element elementor-element-425b1d3 e-con-full e-flex e-con e-child\" data-id=\"425b1d3\" data-element_type=\"container\">\n\t\t\t\t<div class=\"elementor-element elementor-element-9efbad5 elementor-widget elementor-widget-heading\" data-id=\"9efbad5\" data-element_type=\"widget\" data-settings=\"{&quot;ekit_we_effect_on&quot;:&quot;none&quot;}\" data-widget_type=\"heading.default\">\n\t\t\t\t\t<div class=\"elementor-heading-title elementor-size-default\">Tel: (+34)\u00a093 458 77 58<br>\nC\/ Mallorca, 329-3\u00ba<br>\n08037 Barcelona<\/div>\t\t\t\t<\/div>\n\t\t\t\t<div class=\"elementor-element elementor-element-2e17454 elementor-widget elementor-widget-facebook-page\" data-id=\"2e17454\" data-element_type=\"widget\" data-settings=\"{&quot;ekit_we_effect_on&quot;:&quot;none&quot;}\" data-widget_type=\"facebook-page.default\">\n\t\t\t\t\t<div class=\"elementor-facebook-widget fb-page\" data-href=\"https:\/\/www.facebook.com\/HostalFelipe2\/\" data-tabs=\"\" data-height=\"500px\" data-width=\"500px\" data-small-header=\"false\" data-hide-cover=\"false\" data-show-facepile=\"true\" data-hide-cta=\"false\" style=\"min-height: 1px;height:500px\"><\/div>\t\t\t\t<\/div>\n\t\t\t\t<\/div>\n\t\t\t\t\t<\/div>\n\t\t\t\t<\/div>\n\t\t\t\t<\/div>","protected":false},"excerpt":{"rendered":"<p>Welcome to Felipe II Hostel in the center of Barcelona ABOUT HOSTAL FELIPE II Welcome to Felipe 2 Hostal right in the the center of Barcelona in the beautiful neighbourhood &#8211; Eixample. Close to the famous Passeig de Gracia and we are just a 10-minute walk from Pla\u00e7a Catalunya, and from the world-famous Sagrada Familia. [&hellip;]<\/p>","protected":false},"author":1,"featured_media":0,"parent":0,"menu_order":0,"comment_status":"closed","ping_status":"open","template":"elementor_header_footer","meta":{"site-sidebar-layout":"default","site-content-layout":"","ast-site-content-layout":"default","site-content-style":"default","site-sidebar-style":"default","ast-global-header-display":"","ast-banner-title-visibility":"","ast-main-header-display":"","ast-hfb-above-header-display":"","ast-hfb-below-header-display":"","ast-hfb-mobile-header-display":"","site-post-title":"","ast-breadcrumbs-content":"","ast-featured-img":"","footer-sml-layout":"","theme-transparent-header-meta":"","adv-header-id-meta":"","stick-header-meta":"","header-above-stick-meta":"","header-main-stick-meta":"","header-below-stick-meta":"","astra-migrate-meta-layouts":"default","ast-page-background-enabled":"default","ast-page-background-meta":{"desktop":{"background-color":"var(--ast-global-color-4)","background-image":"","background-repeat":"repeat","background-position":"center center","background-size":"auto","background-attachment":"scroll","background-type":"","background-media":"","overlay-type":"","overlay-color":"","overlay-opacity":"","overlay-gradient":""},"tablet":{"background-color":"","background-image":"","background-repeat":"repeat","background-position":"center center","background-size":"auto","background-attachment":"scroll","background-type":"","background-media":"","overlay-type":"","overlay-color":"","overlay-opacity":"","overlay-gradient":""},"mobile":{"background-color":"","background-image":"","background-repeat":"repeat","background-position":"center center","background-size":"auto","background-attachment":"scroll","background-type":"","background-media":"","overlay-type":"","overlay-color":"","overlay-opacity":"","overlay-gradient":""}},"ast-content-background-meta":{"desktop":{"background-color":"var(--ast-global-color-5)","background-image":"","background-repeat":"repeat","background-position":"center center","background-size":"auto","background-attachment":"scroll","background-type":"","background-media":"","overlay-type":"","overlay-color":"","overlay-opacity":"","overlay-gradient":""},"tablet":{"background-color":"var(--ast-global-color-5)","background-image":"","background-repeat":"repeat","background-position":"center center","background-size":"auto","background-attachment":"scroll","background-type":"","background-media":"","overlay-type":"","overlay-color":"","overlay-opacity":"","overlay-gradient":""},"mobile":{"background-color":"var(--ast-global-color-5)","background-image":"","background-repeat":"repeat","background-position":"center center","background-size":"auto","background-attachment":"scroll","background-type":"","background-media":"","overlay-type":"","overlay-color":"","overlay-opacity":"","overlay-gradient":""}},"footnotes":""},"class_list":["post-2","page","type-page","status-publish","hentry"],"_links":{"self":[{"href":"https:\/\/www.hostalfelipe2.com\/fr\/wp-json\/wp\/v2\/pages\/2","targetHints":{"allow":["GET"]}}],"collection":[{"href":"https:\/\/www.hostalfelipe2.com\/fr\/wp-json\/wp\/v2\/pages"}],"about":[{"href":"https:\/\/www.hostalfelipe2.com\/fr\/wp-json\/wp\/v2\/types\/page"}],"author":[{"embeddable":true,"href":"https:\/\/www.hostalfelipe2.com\/fr\/wp-json\/wp\/v2\/users\/1"}],"replies":[{"embeddable":true,"href":"https:\/\/www.hostalfelipe2.com\/fr\/wp-json\/wp\/v2\/comments?post=2"}],"version-history":[{"count":76,"href":"https:\/\/www.hostalfelipe2.com\/fr\/wp-json\/wp\/v2\/pages\/2\/revisions"}],"predecessor-version":[{"id":540,"href":"https:\/\/www.hostalfelipe2.com\/fr\/wp-json\/wp\/v2\/pages\/2\/revisions\/540"}],"wp:attachment":[{"href":"https:\/\/www.hostalfelipe2.com\/fr\/wp-json\/wp\/v2\/media?parent=2"}],"curies":[{"name":"wp","href":"https:\/\/api.w.org\/{rel}","templated":true}]}}